{"id":192,"date":"2023-11-02T10:40:33","date_gmt":"2023-11-02T09:40:33","guid":{"rendered":"https:\/\/kabellion.net\/?page_id=192"},"modified":"2025-09-11T13:03:09","modified_gmt":"2025-09-11T11:03:09","slug":"mentions-legales","status":"publish","type":"page","link":"https:\/\/kabellion.net\/index.php\/mentions-legales\/","title":{"rendered":"Mentions l\u00e9gales"},"content":{"rendered":"\n<p><strong>FICHE D\u2019IDENTIT\u00c9 DE L&rsquo;ASSOCIATION :<\/strong> KABELLION HISTOIRE ET PATRIMOINE DE CAVAILLON<\/p>\n\n\n\n<p>Raison sociale : Association d\u00e9clar\u00e9e<\/p>\n\n\n\n<p>Activit\u00e9 : Autres organisations fonctionnant par adh\u00e9sion volontaire (9499Z)<\/p>\n\n\n\n<p>Adresse : 572 Route de Pertuis 84300 CAVAILLON<\/p>\n\n\n\n<p>N\u00b0 Siret : 48051507100029<\/p>\n\n\n\n<p>N\u00b0 RNA : W841001406<\/p>\n\n\n\n<p>Contact : secretariatkabellion@gmail.com<\/p>\n\n\n\n<p><strong>H\u00c9BERGEMENT :<\/strong><\/p>\n\n\n\n<p>OVH,soci\u00e9t\u00e9 par actions simplifi\u00e9e, au capital social de 10 174 560,00 \u20ac, dont le si\u00e8ge social est situ\u00e9 au 2 RUE KELLERMANN, 59100 ROUBAIX, immatricul\u00e9e au Registre du Commerce et des Soci\u00e9t\u00e9s de Lille Metropole sous le num\u00e9ro 424 761 419 repr\u00e9sent\u00e9e par M Michel PAULIN agissant et ayant les pouvoirs n\u00e9cessaires en tant que pr\u00e9sident.<\/p>\n\n\n\n<p><strong>R\u00c9ALISATION DU SITE :<\/strong><\/p>\n\n\n\n<p>Raison sociale : J\u00e9r\u00e9my Capeau<\/p>\n\n\n\n<p>Activit\u00e9 : Vid\u00e9aste \u2013 Photographe \u2013 Cr\u00e9ation de site internet<\/p>\n\n\n\n<p>Adresse : 461 route de Robion, quartier Bel Air, 84300 Les Taillades<\/p>\n\n\n\n<p>Zone d\u2019intervention : France&nbsp;<\/p>\n\n\n\n<p>Statut : Auto-Entrepreneur<\/p>\n\n\n\n<p>N\u00b0 Siret :&nbsp;87760212800010<\/p>\n\n\n\n<p>Contact : jeremycapeauvp@gmail.com<\/p>\n\n\n\n<p><strong>DROITS D\u2019AUTEURS :<\/strong><\/p>\n\n\n\n<p>La conception et la r\u00e9alisation&nbsp; de l\u2019ensemble des textes et graphismes pr\u00e9sents sur le site <a href=\"https:\/\/kabellion.net\/\">https:\/\/kabellion.net\/<\/a> sont la propri\u00e9t\u00e9 exclusive de la l&rsquo;association Kabellion.<\/p>\n\n\n\n<p>L\u2019ensemble du site, et chacun de ses \u00e9l\u00e9ments pris s\u00e9par\u00e9ment, constituent une \u0153uvre prot\u00e9g\u00e9e et rel\u00e8vent de la l\u00e9gislation fran\u00e7aise et internationale sur le droit d\u2019auteur et la propri\u00e9t\u00e9 intellectuelle. Aucune exploitation commerciale, reproduction, repr\u00e9sentation, utilisation, adaptation, modification, incorporation, traduction, commercialisation, partielle ou int\u00e9grale des \u00e9l\u00e9ments de ce site ne peut se faire sans l\u2019autorisation pr\u00e9alable de la part de l&rsquo;association Kabellion. La violation de ce droit de propri\u00e9t\u00e9 intellectuelle et\/ou industrielle est un d\u00e9lit de contrefa\u00e7on passible d\u2019une peine de 2 ans d\u2019emprisonnement et d\u2019une amende de 150 000 euros. Conform\u00e9ment \u00e0 l\u2019article L.122-4 du Code de la propri\u00e9t\u00e9 intellectuelle.<\/p>\n\n\n\n<p>Pictogramme : Freepik<\/p>\n\n\n\n<p><strong>LIMITATION DE LA RESPONSABILIT\u00c9 :<\/strong><\/p>\n\n\n\n<p>L&rsquo;association Kabellion a pr\u00e9par\u00e9 le contenu de ce site avec soin et technicit\u00e9 (ci-apr\u00e8s le \u00ab Contenu \u00bb). Toutefois, l&rsquo;association Kabellion ne garantit ni express\u00e9ment, ni tacitement, la nature ou l\u2019exactitude des informations contenues dans ce site et ne sera en aucun cas tenu responsable d\u2019une perte qui serait due \u00e0 l\u2019utilisation de ce site. Cette limitation de responsabilit\u00e9 n\u2019exclut pas les responsabilit\u00e9s auxquelles l&rsquo;association Kabellion est oblig\u00e9e par les lois et r\u00e8glements en vigueur.<\/p>\n\n\n\n<p><strong>PROTECTION DES DONN\u00c9ES :<\/strong><\/p>\n\n\n\n<p>En application de la Loi n\u00b0 78-17 du 6 janvier 1978 relative \u00e0 l\u2019Informatique, aux Fichiers et aux Libert\u00e9s, vous disposez des droits d\u2019opposition (art. 26 de la loi), d\u2019acc\u00e8s (art.34 \u00e0 38 de la loi) et de rectification (art. 36 de la loi) des donn\u00e9es vous concernant. Ainsi, vous pouvez contacter l&rsquo;association Kabellion pour que soient rectifi\u00e9es, compl\u00e9t\u00e9es, mises \u00e0 jour ou effac\u00e9es les informations vous concernant qui sont inexactes, incompl\u00e8tes, \u00e9quivoques, p\u00e9rim\u00e9es ou dont la collecte ou l\u2019utilisation, la communication ou la conservation est interdite.<\/p>\n\n\n\n<p>Les informations qui vous concernent sont uniquement destin\u00e9es \u00e0 l&rsquo;association Kabellion. Nous ne transmettons ces informations \u00e0 aucun tiers (partenaires commerciaux, etc.).<\/p>\n\n\n\n<p><strong>CLAUSES ATTRIBUTIVES DE COMP\u00c9TENCE :<\/strong><\/p>\n\n\n\n<p>Ce site \u00e9tant r\u00e9gi par la loi fran\u00e7aise, seuls les tribunaux fran\u00e7ais seront comp\u00e9tents en cas de litige.<\/p>\n\n\n\n<p><strong>LIENS :<\/strong><\/p>\n\n\n\n<p>Le service peut proposer des liens vers d\u2019autres sites Web ou d\u2019autres sources d\u2019Internet. Dans la mesure o\u00f9 elle ne peut contr\u00f4ler ces sites et ces sources externes, l&rsquo;association Kabellion informe l\u2019internaute qu\u2019elle ne peut \u00eatre tenue pour responsable de la mise \u00e0 disposition de ces sites et sources externes, et ne peut supporter aucune responsabilit\u00e9 quant au contenu, publicit\u00e9s, produits, services ou tout autre mat\u00e9riel disponible sur ou \u00e0 partir de ces sites ou sources externes. L&rsquo;association Kabellion informe aussi l\u2019internaute qu\u2019elle ne pourra \u00eatre tenue responsable de tous dommages ou pertes av\u00e9r\u00e9s ou all\u00e9gu\u00e9s cons\u00e9cutifs ou en relation avec l\u2019utilisation ou avec le fait d\u2019avoir fait confiance au contenu, \u00e0 des biens ou des services disponibles sur ces sites ou sources externes.<\/p>\n\n\n\n<p><strong>DROITS D\u2019AUTEURS TIERS :<\/strong><\/p>\n\n\n\n<p>Photographe :<\/p>\n","protected":false},"excerpt":{"rendered":"<p>FICHE D\u2019IDENTIT\u00c9 DE L&rsquo;ASSOCIATION : KABELLION HISTOIRE ET PATRIMOINE DE CAVAILLON Raison sociale : Association d\u00e9clar\u00e9e Activit\u00e9 : Autres organisations fonctionnant par adh\u00e9sion volontaire (9499Z) Adresse : 572 Route de Pertuis 84300 CAVAILLON N\u00b0 Siret : 48051507100029 N\u00b0 RNA : W841001406 Contact : secretariatkabellion@gmail.com H\u00c9BERGEMENT : OVH,soci\u00e9t\u00e9 par actions simplifi\u00e9e, au capital social de 10 [&hellip;]<\/p>\n","protected":false},"author":1,"featured_media":0,"parent":0,"menu_order":0,"comment_status":"closed","ping_status":"closed","template":"","meta":{"site-sidebar-layout":"default","site-content-layout":"","ast-site-content-layout":"default","site-content-style":"default","site-sidebar-style":"default","ast-global-header-display":"","ast-banner-title-visibility":"","ast-main-header-display":"","ast-hfb-above-header-display":"","ast-hfb-below-header-display":"","ast-hfb-mobile-header-display":"","site-post-title":"","ast-breadcrumbs-content":"","ast-featured-img":"","footer-sml-layout":"","ast-disable-related-posts":"","theme-transparent-header-meta":"","adv-header-id-meta":"","stick-header-meta":"","header-above-stick-meta":"","header-main-stick-meta":"","header-below-stick-meta":"","astra-migrate-meta-layouts":"default","ast-page-background-enabled":"default","ast-page-background-meta":{"desktop":{"background-color":"var(--ast-global-color-4)","background-image":"","background-repeat":"repeat","background-position":"center center","background-size":"auto","background-attachment":"scroll","background-type":"","background-media":"","overlay-type":"","overlay-color":"","overlay-opacity":"","overlay-gradient":""},"tablet":{"background-color":"","background-image":"","background-repeat":"repeat","background-position":"center center","background-size":"auto","background-attachment":"scroll","background-type":"","background-media":"","overlay-type":"","overlay-color":"","overlay-opacity":"","overlay-gradient":""},"mobile":{"background-color":"","background-image":"","background-repeat":"repeat","background-position":"center center","background-size":"auto","background-attachment":"scroll","background-type":"","background-media":"","overlay-type":"","overlay-color":"","overlay-opacity":"","overlay-gradient":""}},"ast-content-background-meta":{"desktop":{"background-color":"var(--ast-global-color-5)","background-image":"","background-repeat":"repeat","background-position":"center center","background-size":"auto","background-attachment":"scroll","background-type":"","background-media":"","overlay-type":"","overlay-color":"","overlay-opacity":"","overlay-gradient":""},"tablet":{"background-color":"var(--ast-global-color-5)","background-image":"","background-repeat":"repeat","background-position":"center center","background-size":"auto","background-attachment":"scroll","background-type":"","background-media":"","overlay-type":"","overlay-color":"","overlay-opacity":"","overlay-gradient":""},"mobile":{"background-color":"var(--ast-global-color-5)","background-image":"","background-repeat":"repeat","background-position":"center center","background-size":"auto","background-attachment":"scroll","background-type":"","background-media":"","overlay-type":"","overlay-color":"","overlay-opacity":"","overlay-gradient":""}},"footnotes":""},"class_list":["post-192","page","type-page","status-publish","hentry"],"yoast_head":"<!-- This site is optimized with the Yoast SEO plugin v27.1.1 - https:\/\/yoast.com\/product\/yoast-seo-wordpress\/ -->\n<title>Mentions l\u00e9gales - kabellion<\/title>\n<meta name=\"robots\" content=\"index, follow, max-snippet:-1, max-image-preview:large, max-video-preview:-1\" \/>\n<link rel=\"canonical\" href=\"https:\/\/kabellion.net\/index.php\/mentions-legales\/\" \/>\n<meta property=\"og:locale\" content=\"fr_FR\" \/>\n<meta property=\"og:type\" content=\"article\" \/>\n<meta property=\"og:title\" content=\"Mentions l\u00e9gales - kabellion\" \/>\n<meta property=\"og:description\" content=\"FICHE D\u2019IDENTIT\u00c9 DE L&rsquo;ASSOCIATION : KABELLION HISTOIRE ET PATRIMOINE DE CAVAILLON Raison sociale : Association d\u00e9clar\u00e9e Activit\u00e9 : Autres organisations fonctionnant par adh\u00e9sion volontaire (9499Z) Adresse : 572 Route de Pertuis 84300 CAVAILLON N\u00b0 Siret : 48051507100029 N\u00b0 RNA : W841001406 Contact : secretariatkabellion@gmail.com H\u00c9BERGEMENT : OVH,soci\u00e9t\u00e9 par actions simplifi\u00e9e, au capital social de 10 [&hellip;]\" \/>\n<meta property=\"og:url\" content=\"https:\/\/kabellion.net\/index.php\/mentions-legales\/\" \/>\n<meta property=\"og:site_name\" content=\"kabellion\" \/>\n<meta property=\"article:modified_time\" content=\"2025-09-11T11:03:09+00:00\" \/>\n<meta name=\"twitter:card\" content=\"summary_large_image\" \/>\n<meta name=\"twitter:label1\" content=\"Dur\u00e9e de lecture estim\u00e9e\" \/>\n\t<meta name=\"twitter:data1\" content=\"4 minutes\" \/>\n<script type=\"application\/ld+json\" class=\"yoast-schema-graph\">{\"@context\":\"https:\/\/schema.org\",\"@graph\":[{\"@type\":\"WebPage\",\"@id\":\"https:\/\/kabellion.net\/index.php\/mentions-legales\/\",\"url\":\"https:\/\/kabellion.net\/index.php\/mentions-legales\/\",\"name\":\"Mentions l\u00e9gales - kabellion\",\"isPartOf\":{\"@id\":\"https:\/\/kabellion.net\/#website\"},\"datePublished\":\"2023-11-02T09:40:33+00:00\",\"dateModified\":\"2025-09-11T11:03:09+00:00\",\"breadcrumb\":{\"@id\":\"https:\/\/kabellion.net\/index.php\/mentions-legales\/#breadcrumb\"},\"inLanguage\":\"fr-FR\",\"potentialAction\":[{\"@type\":\"ReadAction\",\"target\":[\"https:\/\/kabellion.net\/index.php\/mentions-legales\/\"]}]},{\"@type\":\"BreadcrumbList\",\"@id\":\"https:\/\/kabellion.net\/index.php\/mentions-legales\/#breadcrumb\",\"itemListElement\":[{\"@type\":\"ListItem\",\"position\":1,\"name\":\"Accueil\",\"item\":\"https:\/\/kabellion.net\/\"},{\"@type\":\"ListItem\",\"position\":2,\"name\":\"Mentions l\u00e9gales\"}]},{\"@type\":\"WebSite\",\"@id\":\"https:\/\/kabellion.net\/#website\",\"url\":\"https:\/\/kabellion.net\/\",\"name\":\"kabellion\",\"description\":\"Kabellion Histoire &amp; patrimoine de Cavaillon\",\"publisher\":{\"@id\":\"https:\/\/kabellion.net\/#organization\"},\"potentialAction\":[{\"@type\":\"SearchAction\",\"target\":{\"@type\":\"EntryPoint\",\"urlTemplate\":\"https:\/\/kabellion.net\/?s={search_term_string}\"},\"query-input\":{\"@type\":\"PropertyValueSpecification\",\"valueRequired\":true,\"valueName\":\"search_term_string\"}}],\"inLanguage\":\"fr-FR\"},{\"@type\":\"Organization\",\"@id\":\"https:\/\/kabellion.net\/#organization\",\"name\":\"kabellion\",\"url\":\"https:\/\/kabellion.net\/\",\"logo\":{\"@type\":\"ImageObject\",\"inLanguage\":\"fr-FR\",\"@id\":\"https:\/\/kabellion.net\/#\/schema\/logo\/image\/\",\"url\":\"https:\/\/kabellion.net\/wp-content\/uploads\/2023\/10\/Logo-Kabellion.jpeg\",\"contentUrl\":\"https:\/\/kabellion.net\/wp-content\/uploads\/2023\/10\/Logo-Kabellion.jpeg\",\"width\":843,\"height\":363,\"caption\":\"kabellion\"},\"image\":{\"@id\":\"https:\/\/kabellion.net\/#\/schema\/logo\/image\/\"}}]}<\/script>\n<!-- \/ Yoast SEO plugin. -->","yoast_head_json":{"title":"Mentions l\u00e9gales - kabellion","robots":{"index":"index","follow":"follow","max-snippet":"max-snippet:-1","max-image-preview":"max-image-preview:large","max-video-preview":"max-video-preview:-1"},"canonical":"https:\/\/kabellion.net\/index.php\/mentions-legales\/","og_locale":"fr_FR","og_type":"article","og_title":"Mentions l\u00e9gales - kabellion","og_description":"FICHE D\u2019IDENTIT\u00c9 DE L&rsquo;ASSOCIATION : KABELLION HISTOIRE ET PATRIMOINE DE CAVAILLON Raison sociale : Association d\u00e9clar\u00e9e Activit\u00e9 : Autres organisations fonctionnant par adh\u00e9sion volontaire (9499Z) Adresse : 572 Route de Pertuis 84300 CAVAILLON N\u00b0 Siret : 48051507100029 N\u00b0 RNA : W841001406 Contact : secretariatkabellion@gmail.com H\u00c9BERGEMENT : OVH,soci\u00e9t\u00e9 par actions simplifi\u00e9e, au capital social de 10 [&hellip;]","og_url":"https:\/\/kabellion.net\/index.php\/mentions-legales\/","og_site_name":"kabellion","article_modified_time":"2025-09-11T11:03:09+00:00","twitter_card":"summary_large_image","twitter_misc":{"Dur\u00e9e de lecture estim\u00e9e":"4 minutes"},"schema":{"@context":"https:\/\/schema.org","@graph":[{"@type":"WebPage","@id":"https:\/\/kabellion.net\/index.php\/mentions-legales\/","url":"https:\/\/kabellion.net\/index.php\/mentions-legales\/","name":"Mentions l\u00e9gales - kabellion","isPartOf":{"@id":"https:\/\/kabellion.net\/#website"},"datePublished":"2023-11-02T09:40:33+00:00","dateModified":"2025-09-11T11:03:09+00:00","breadcrumb":{"@id":"https:\/\/kabellion.net\/index.php\/mentions-legales\/#breadcrumb"},"inLanguage":"fr-FR","potentialAction":[{"@type":"ReadAction","target":["https:\/\/kabellion.net\/index.php\/mentions-legales\/"]}]},{"@type":"BreadcrumbList","@id":"https:\/\/kabellion.net\/index.php\/mentions-legales\/#breadcrumb","itemListElement":[{"@type":"ListItem","position":1,"name":"Accueil","item":"https:\/\/kabellion.net\/"},{"@type":"ListItem","position":2,"name":"Mentions l\u00e9gales"}]},{"@type":"WebSite","@id":"https:\/\/kabellion.net\/#website","url":"https:\/\/kabellion.net\/","name":"kabellion","description":"Kabellion Histoire &amp; patrimoine de Cavaillon","publisher":{"@id":"https:\/\/kabellion.net\/#organization"},"potentialAction":[{"@type":"SearchAction","target":{"@type":"EntryPoint","urlTemplate":"https:\/\/kabellion.net\/?s={search_term_string}"},"query-input":{"@type":"PropertyValueSpecification","valueRequired":true,"valueName":"search_term_string"}}],"inLanguage":"fr-FR"},{"@type":"Organization","@id":"https:\/\/kabellion.net\/#organization","name":"kabellion","url":"https:\/\/kabellion.net\/","logo":{"@type":"ImageObject","inLanguage":"fr-FR","@id":"https:\/\/kabellion.net\/#\/schema\/logo\/image\/","url":"https:\/\/kabellion.net\/wp-content\/uploads\/2023\/10\/Logo-Kabellion.jpeg","contentUrl":"https:\/\/kabellion.net\/wp-content\/uploads\/2023\/10\/Logo-Kabellion.jpeg","width":843,"height":363,"caption":"kabellion"},"image":{"@id":"https:\/\/kabellion.net\/#\/schema\/logo\/image\/"}}]}},"_links":{"self":[{"href":"https:\/\/kabellion.net\/index.php\/wp-json\/wp\/v2\/pages\/192","targetHints":{"allow":["GET"]}}],"collection":[{"href":"https:\/\/kabellion.net\/index.php\/wp-json\/wp\/v2\/pages"}],"about":[{"href":"https:\/\/kabellion.net\/index.php\/wp-json\/wp\/v2\/types\/page"}],"author":[{"embeddable":true,"href":"https:\/\/kabellion.net\/index.php\/wp-json\/wp\/v2\/users\/1"}],"replies":[{"embeddable":true,"href":"https:\/\/kabellion.net\/index.php\/wp-json\/wp\/v2\/comments?post=192"}],"version-history":[{"count":4,"href":"https:\/\/kabellion.net\/index.php\/wp-json\/wp\/v2\/pages\/192\/revisions"}],"predecessor-version":[{"id":1295,"href":"https:\/\/kabellion.net\/index.php\/wp-json\/wp\/v2\/pages\/192\/revisions\/1295"}],"wp:attachment":[{"href":"https:\/\/kabellion.net\/index.php\/wp-json\/wp\/v2\/media?parent=192"}],"curies":[{"name":"wp","href":"https:\/\/api.w.org\/{rel}","templated":true}]}}